{"id":24612,"date":"2021-07-31T11:29:29","date_gmt":"2021-07-31T14:29:29","guid":{"rendered":"https:\/\/myabcm.com\/blog-myabcm\/"},"modified":"2021-08-27T20:38:40","modified_gmt":"2021-08-27T23:38:40","slug":"blog-myabcm","status":"publish","type":"page","link":"https:\/\/myabcm.com\/es\/blog-myabcm\/","title":{"rendered":"Blog"},"content":{"rendered":"\t\t<div data-elementor-type=\"wp-page\" data-elementor-id=\"24612\" class=\"elementor elementor-24612 elementor-22252\">\n\t\t\t\t\t\t<section class=\"elementor-section elementor-top-section elementor-element elementor-element-a6652b1 elementor-section-height-min-height elementor-section-boxed elementor-section-height-default elementor-section-items-middle\" data-id=\"a6652b1\" data-element_type=\"section\" data-settings=\"{&quot;background_background&quot;:&quot;classic&quot;,&quot;shape_divider_bottom&quot;:&quot;curve&quot;,&quot;shape_divider_bottom_negative&quot;:&quot;yes&quot;}\">\n\t\t\t\t\t\t\t<div class=\"elementor-background-overlay\"><\/div>\n\t\t\t\t\t\t<div class=\"elementor-shape elementor-shape-bottom\" aria-hidden=\"true\" data-negative=\"true\">\n\t\t\t<svg xmlns=\"http:\/\/www.w3.org\/2000\/svg\" viewBox=\"0 0 1000 100\" preserveAspectRatio=\"none\">\n\t<path class=\"elementor-shape-fill\" d=\"M500,97C126.7,96.3,0.8,19.8,0,0v100l1000,0V1C1000,19.4,873.3,97.8,500,97z\"\/>\n<\/svg>\t\t<\/div>\n\t\t\t\t\t<div class=\"elementor-container elementor-column-gap-default\">\n\t\t\t\t\t<div class=\"elementor-column elementor-col-100 elementor-top-column elementor-element elementor-element-761dd8b\" data-id=\"761dd8b\" data-element_type=\"column\">\n\t\t\t<div class=\"elementor-widget-wrap elementor-element-populated\">\n\t\t\t\t\t\t<div class=\"elementor-element elementor-element-3046d5c elementor-widget elementor-widget-spacer\" data-id=\"3046d5c\" data-element_type=\"widget\" data-widget_type=\"spacer.default\">\n\t\t\t\t<div class=\"elementor-widget-container\">\n\t\t\t\t\t\t\t<div class=\"elementor-spacer\">\n\t\t\t<div class=\"elementor-spacer-inner\"><\/div>\n\t\t<\/div>\n\t\t\t\t\t\t<\/div>\n\t\t\t\t<\/div>\n\t\t\t\t<section class=\"elementor-section elementor-inner-section elementor-element elementor-element-7b79c67 elementor-section-boxed elementor-section-height-default elementor-section-height-default\" data-id=\"7b79c67\" data-element_type=\"section\">\n\t\t\t\t\t\t<div class=\"elementor-container elementor-column-gap-default\">\n\t\t\t\t\t<div class=\"elementor-column elementor-col-50 elementor-inner-column elementor-element elementor-element-6e76e64\" data-id=\"6e76e64\" data-element_type=\"column\">\n\t\t\t<div class=\"elementor-widget-wrap elementor-element-populated\">\n\t\t\t\t\t\t<div class=\"elementor-element elementor-element-90f8650 elementor-widget elementor-widget-heading\" data-id=\"90f8650\" data-element_type=\"widget\" data-widget_type=\"heading.default\">\n\t\t\t\t<div class=\"elementor-widget-container\">\n\t\t\t\t\t<h2 class=\"elementor-heading-title elementor-size-default\">BLOG<\/h2>\t\t\t\t<\/div>\n\t\t\t\t<\/div>\n\t\t\t\t\t<\/div>\n\t\t<\/div>\n\t\t\t\t<div class=\"elementor-column elementor-col-50 elementor-inner-column elementor-element elementor-element-13e7a7d elementor-invisible\" data-id=\"13e7a7d\" data-element_type=\"column\" data-settings=\"{&quot;animation&quot;:&quot;fadeIn&quot;}\">\n\t\t\t<div class=\"elementor-widget-wrap elementor-element-populated\">\n\t\t\t\t\t\t<div class=\"elementor-element elementor-element-3cd2f57 elementor-widget elementor-widget-image\" data-id=\"3cd2f57\" data-element_type=\"widget\" data-widget_type=\"image.default\">\n\t\t\t\t<div class=\"elementor-widget-container\">\n\t\t\t\t\t\t\t\t\t\t\t\t\t\t\t<img fetchpriority=\"high\" decoding=\"async\" width=\"634\" height=\"622\" src=\"https:\/\/myabcm.com\/wp-content\/uploads\/blog.png\" class=\"attachment-large size-large wp-image-19413\" alt=\"\" srcset=\"https:\/\/myabcm.com\/wp-content\/uploads\/blog.png 634w, https:\/\/myabcm.com\/wp-content\/uploads\/blog-300x294.png 300w, https:\/\/myabcm.com\/wp-content\/uploads\/blog-150x147.png 150w\" sizes=\"(max-width: 634px) 100vw, 634px\" \/>\t\t\t\t\t\t\t\t\t\t\t\t\t\t\t<\/div>\n\t\t\t\t<\/div>\n\t\t\t\t\t<\/div>\n\t\t<\/div>\n\t\t\t\t\t<\/div>\n\t\t<\/section>\n\t\t\t\t\t<\/div>\n\t\t<\/div>\n\t\t\t\t\t<\/div>\n\t\t<\/section>\n\t\t\t\t<section class=\"elementor-section elementor-top-section elementor-element elementor-element-090284b elementor-section-boxed elementor-section-height-default elementor-section-height-default\" data-id=\"090284b\" data-element_type=\"section\">\n\t\t\t\t\t\t<div class=\"elementor-container elementor-column-gap-default\">\n\t\t\t\t\t<div class=\"elementor-column elementor-col-100 elementor-top-column elementor-element elementor-element-3ecfb1b\" data-id=\"3ecfb1b\" data-element_type=\"column\">\n\t\t\t<div class=\"elementor-widget-wrap elementor-element-populated\">\n\t\t\t\t\n    <style>#elementor-panel-category-pro-elements, #elementor-panel-category-woocommerce-elements, #elementor-panel-category-theme-elements, #elementor-panel-get-pro-elements, .elementor-nerd-box{display: none !important;}<\/style>\n    \t\t<div class=\"elementor-element elementor-element-793e0d3 elementor-widget elementor-widget-loop-blog\" data-id=\"793e0d3\" data-element_type=\"widget\" data-widget_type=\"loop-blog.default\">\n\t\t\t\t<div class=\"elementor-widget-container\">\n\t\t\t\t\t            <div class=\"container-fluid\">\n                <div class=\"row\">\n                    <div class=\"col-sm-12 mt-3 mb-3 d-flex justify-content-center\">\n                        <input class=\"input-search-post\" type=\"text\" placeholder=\"Buscar\"><span class=\"btn-search-post\"><i class=\"fas fa-search\"><\/i><\/span>\n                    <\/div>\n                <\/div>\n                <div class=\"row\">\n                    <div class=\"col-12 col-sm-4 col-md-2 mt-3 mb-3 order-1 order-sm-0 coluna-cat\">\n                        <div>\n                            <h2 class=\"cat-name-listpost\">Categor\u00edas<\/h2>\n                            <div class=\"box-cat-post\">\n                                                            <div class=\"cat-post-list\">Clientes<\/div>\n                                                                <div class=\"cat-post-list\">Gesti\u00f3n<\/div>\n                                                                <div class=\"cat-post-list\">Gesti\u00f3n de Costos<\/div>\n                                                                <div class=\"cat-post-list\">MyABCM Insights<\/div>\n                                                                <div class=\"cat-post-list\">Otros<\/div>\n                                                                <div class=\"cat-post-list\">Procesos<\/div>\n                                                                <div class=\"cat-post-list\">Reducci\u00f3n de costos y gastos<\/div>\n                                                                <div class=\"cat-post-list\">Rentabilidad<\/div>\n                                                            <\/div>\n                        <\/div>\n                        <div class=\"box-more\">\n                            <h2 class=\"more-name-listpost\">M\u00c1S RECIENTE<\/h2>\n                                                                <div class=\"recentes-posts\">\n                                        <span class=\"data-news\">11<br>Mar<\/span>\n                                        <span class=\"title-news\"><a href=\"https:\/\/myabcm.com\/es\/asignacion-de-costos-y-los-errores-que-perjudican-su-rentabilidad\/\">Asignaci\u00f3n de costos y los errores que perjudican su rentabilidad<\/a><\/span>\n                                    <\/div>\n                                                                        <div class=\"recentes-posts\">\n                                        <span class=\"data-news\">05<br>Feb<\/span>\n                                        <span class=\"title-news\"><a href=\"https:\/\/myabcm.com\/es\/simulaciones-de-costos-y-su-impacto-en-los-procesos\/\">Simulaciones de costos y su impacto en los procesos<\/a><\/span>\n                                    <\/div>\n                                                                        <div class=\"recentes-posts\">\n                                        <span class=\"data-news\">31<br>Ene<\/span>\n                                        <span class=\"title-news\"><a href=\"https:\/\/myabcm.com\/es\/el-costeo-basado-en-actividades-es-mas-simple-de-lo-que-parece\/\">El costeo basado en actividades es m\u00e1s simple de lo que parece<\/a><\/span>\n                                    <\/div>\n                                                            <\/div>\n                    <\/div>\n                    <div class=\"col-12 col-sm-8 col-md-10 order-0 order-sm-1 \">\n                        <div class=\"content-blog-ajax\" id=\"content-blog-ajax\"><\/div>\n                        <div class=\"control-eventos mt-3 mb-3\">\n                            <span class=\"bnt-left-posts\"><img decoding=\"async\" src=\"https:\/\/myabcm.com\/wp-content\/themes\/myabcm\/img\/left-loop.png\" width=\"25\" alt=\"left\"><\/span>\n                            <span class=\"input-number-posts\">0<\/span>\n                            <span class=\"bnt-right-posts\"><img decoding=\"async\" src=\"https:\/\/myabcm.com\/wp-content\/themes\/myabcm\/img\/right-loop.png\" width=\"25\" alt=\"right\"><\/span>\n                        <\/div>\n                    <\/div>\n                <\/div>\n            <\/div>\n        \t\t\t\t<\/div>\n\t\t\t\t<\/div>\n\t\t\t\t\t<\/div>\n\t\t<\/div>\n\t\t\t\t\t<\/div>\n\t\t<\/section>\n\t\t\t\t<\/div>\n\t\t","protected":false},"excerpt":{"rendered":"<p>BLOG Carregar mais conte\u00fados<\/p>\n","protected":false},"author":15,"featured_media":25061,"parent":0,"menu_order":0,"comment_status":"closed","ping_status":"closed","template":"","meta":{"_acf_changed":false,"content-type":"","footnotes":""},"class_list":["post-24612","page","type-page","status-publish","has-post-thumbnail","hentry"],"acf":[],"yoast_head":"<!-- This site is optimized with the Yoast SEO plugin v26.5 - https:\/\/yoast.com\/wordpress\/plugins\/seo\/ -->\n<title>Blog - MyABCM<\/title>\n<meta name=\"description\" content=\"MyABCM ofrece soluciones financieras a medida para control y reducci\u00f3n de gastos, an\u00e1lisis de rentabilidad y mejora de desempe\u00f1o de su empresa.\" \/>\n<meta name=\"robots\" content=\"index, follow, max-snippet:-1, max-image-preview:large, max-video-preview:-1\" \/>\n<link rel=\"canonical\" href=\"https:\/\/myabcm.com\/es\/blog-myabcm\/\" \/>\n<meta property=\"og:locale\" content=\"es_ES\" \/>\n<meta property=\"og:type\" content=\"article\" \/>\n<meta property=\"og:title\" content=\"Blog - MyABCM\" \/>\n<meta property=\"og:description\" content=\"MyABCM ofrece soluciones financieras a medida para control y reducci\u00f3n de gastos, an\u00e1lisis de rentabilidad y mejora de desempe\u00f1o de su empresa.\" \/>\n<meta property=\"og:url\" content=\"https:\/\/myabcm.com\/es\/blog-myabcm\/\" \/>\n<meta property=\"og:site_name\" content=\"MyABCM\" \/>\n<meta property=\"article:publisher\" content=\"https:\/\/www.facebook.com\/MyABCM\/\" \/>\n<meta property=\"article:modified_time\" content=\"2021-08-27T23:38:40+00:00\" \/>\n<meta property=\"og:image\" content=\"https:\/\/myabcm.com\/wp-content\/uploads\/logo-myabcm.png\" \/>\n\t<meta property=\"og:image:width\" content=\"200\" \/>\n\t<meta property=\"og:image:height\" content=\"200\" \/>\n\t<meta property=\"og:image:type\" content=\"image\/png\" \/>\n<meta name=\"twitter:card\" content=\"summary_large_image\" \/>\n<meta name=\"twitter:site\" content=\"@myabcm\" \/>\n<script type=\"application\/ld+json\" class=\"yoast-schema-graph\">{\"@context\":\"https:\/\/schema.org\",\"@graph\":[{\"@type\":\"WebPage\",\"@id\":\"https:\/\/myabcm.com\/es\/blog-myabcm\/\",\"url\":\"https:\/\/myabcm.com\/es\/blog-myabcm\/\",\"name\":\"Blog - MyABCM\",\"isPartOf\":{\"@id\":\"https:\/\/myabcm.com\/es\/#website\"},\"primaryImageOfPage\":{\"@id\":\"https:\/\/myabcm.com\/es\/blog-myabcm\/#primaryimage\"},\"image\":{\"@id\":\"https:\/\/myabcm.com\/es\/blog-myabcm\/#primaryimage\"},\"thumbnailUrl\":\"https:\/\/myabcm.com\/wp-content\/uploads\/logo-myabcm.png\",\"datePublished\":\"2021-07-31T14:29:29+00:00\",\"dateModified\":\"2021-08-27T23:38:40+00:00\",\"description\":\"MyABCM ofrece soluciones financieras a medida para control y reducci\u00f3n de gastos, an\u00e1lisis de rentabilidad y mejora de desempe\u00f1o de su empresa.\",\"inLanguage\":\"es\",\"potentialAction\":[{\"@type\":\"ReadAction\",\"target\":[\"https:\/\/myabcm.com\/es\/blog-myabcm\/\"]}]},{\"@type\":\"ImageObject\",\"inLanguage\":\"es\",\"@id\":\"https:\/\/myabcm.com\/es\/blog-myabcm\/#primaryimage\",\"url\":\"https:\/\/myabcm.com\/wp-content\/uploads\/logo-myabcm.png\",\"contentUrl\":\"https:\/\/myabcm.com\/wp-content\/uploads\/logo-myabcm.png\",\"width\":200,\"height\":200},{\"@type\":\"WebSite\",\"@id\":\"https:\/\/myabcm.com\/es\/#website\",\"url\":\"https:\/\/myabcm.com\/es\/\",\"name\":\"MyABCM\",\"description\":\"\",\"potentialAction\":[{\"@type\":\"SearchAction\",\"target\":{\"@type\":\"EntryPoint\",\"urlTemplate\":\"https:\/\/myabcm.com\/es\/?s={search_term_string}\"},\"query-input\":{\"@type\":\"PropertyValueSpecification\",\"valueRequired\":true,\"valueName\":\"search_term_string\"}}],\"inLanguage\":\"es\"}]}<\/script>\n<!-- \/ Yoast SEO plugin. -->","yoast_head_json":{"title":"Blog - MyABCM","description":"MyABCM ofrece soluciones financieras a medida para control y reducci\u00f3n de gastos, an\u00e1lisis de rentabilidad y mejora de desempe\u00f1o de su empresa.","robots":{"index":"index","follow":"follow","max-snippet":"max-snippet:-1","max-image-preview":"max-image-preview:large","max-video-preview":"max-video-preview:-1"},"canonical":"https:\/\/myabcm.com\/es\/blog-myabcm\/","og_locale":"es_ES","og_type":"article","og_title":"Blog - MyABCM","og_description":"MyABCM ofrece soluciones financieras a medida para control y reducci\u00f3n de gastos, an\u00e1lisis de rentabilidad y mejora de desempe\u00f1o de su empresa.","og_url":"https:\/\/myabcm.com\/es\/blog-myabcm\/","og_site_name":"MyABCM","article_publisher":"https:\/\/www.facebook.com\/MyABCM\/","article_modified_time":"2021-08-27T23:38:40+00:00","og_image":[{"width":200,"height":200,"url":"https:\/\/myabcm.com\/wp-content\/uploads\/logo-myabcm.png","type":"image\/png"}],"twitter_card":"summary_large_image","twitter_site":"@myabcm","schema":{"@context":"https:\/\/schema.org","@graph":[{"@type":"WebPage","@id":"https:\/\/myabcm.com\/es\/blog-myabcm\/","url":"https:\/\/myabcm.com\/es\/blog-myabcm\/","name":"Blog - MyABCM","isPartOf":{"@id":"https:\/\/myabcm.com\/es\/#website"},"primaryImageOfPage":{"@id":"https:\/\/myabcm.com\/es\/blog-myabcm\/#primaryimage"},"image":{"@id":"https:\/\/myabcm.com\/es\/blog-myabcm\/#primaryimage"},"thumbnailUrl":"https:\/\/myabcm.com\/wp-content\/uploads\/logo-myabcm.png","datePublished":"2021-07-31T14:29:29+00:00","dateModified":"2021-08-27T23:38:40+00:00","description":"MyABCM ofrece soluciones financieras a medida para control y reducci\u00f3n de gastos, an\u00e1lisis de rentabilidad y mejora de desempe\u00f1o de su empresa.","inLanguage":"es","potentialAction":[{"@type":"ReadAction","target":["https:\/\/myabcm.com\/es\/blog-myabcm\/"]}]},{"@type":"ImageObject","inLanguage":"es","@id":"https:\/\/myabcm.com\/es\/blog-myabcm\/#primaryimage","url":"https:\/\/myabcm.com\/wp-content\/uploads\/logo-myabcm.png","contentUrl":"https:\/\/myabcm.com\/wp-content\/uploads\/logo-myabcm.png","width":200,"height":200},{"@type":"WebSite","@id":"https:\/\/myabcm.com\/es\/#website","url":"https:\/\/myabcm.com\/es\/","name":"MyABCM","description":"","potentialAction":[{"@type":"SearchAction","target":{"@type":"EntryPoint","urlTemplate":"https:\/\/myabcm.com\/es\/?s={search_term_string}"},"query-input":{"@type":"PropertyValueSpecification","valueRequired":true,"valueName":"search_term_string"}}],"inLanguage":"es"}]}},"_links":{"self":[{"href":"https:\/\/myabcm.com\/es\/wp-json\/wp\/v2\/pages\/24612","targetHints":{"allow":["GET"]}}],"collection":[{"href":"https:\/\/myabcm.com\/es\/wp-json\/wp\/v2\/pages"}],"about":[{"href":"https:\/\/myabcm.com\/es\/wp-json\/wp\/v2\/types\/page"}],"author":[{"embeddable":true,"href":"https:\/\/myabcm.com\/es\/wp-json\/wp\/v2\/users\/15"}],"replies":[{"embeddable":true,"href":"https:\/\/myabcm.com\/es\/wp-json\/wp\/v2\/comments?post=24612"}],"version-history":[{"count":0,"href":"https:\/\/myabcm.com\/es\/wp-json\/wp\/v2\/pages\/24612\/revisions"}],"wp:featuredmedia":[{"embeddable":true,"href":"https:\/\/myabcm.com\/es\/wp-json\/wp\/v2\/media\/25061"}],"wp:attachment":[{"href":"https:\/\/myabcm.com\/es\/wp-json\/wp\/v2\/media?parent=24612"}],"curies":[{"name":"wp","href":"https:\/\/api.w.org\/{rel}","templated":true}]}}