{"id":28374,"date":"2021-10-22T09:54:34","date_gmt":"2021-10-22T12:54:34","guid":{"rendered":"https:\/\/myabcm.com\/?page_id=28374"},"modified":"2021-10-22T11:00:19","modified_gmt":"2021-10-22T14:00:19","slug":"plano-pme","status":"publish","type":"page","link":"https:\/\/myabcm.com\/pt-br\/plano-pme\/","title":{"rendered":"Plano PME"},"content":{"rendered":"\t\t<div data-elementor-type=\"wp-page\" data-elementor-id=\"28374\" class=\"elementor elementor-28374\">\n\t\t\t\t\t\t<section class=\"elementor-section elementor-top-section elementor-element elementor-element-2f3979c6 elementor-section-height-min-height elementor-section-boxed elementor-section-height-default elementor-section-items-middle\" data-id=\"2f3979c6\" data-element_type=\"section\" data-settings=\"{&quot;background_background&quot;:&quot;classic&quot;,&quot;shape_divider_bottom&quot;:&quot;curve&quot;,&quot;shape_divider_bottom_negative&quot;:&quot;yes&quot;}\">\n\t\t\t\t\t\t\t<div class=\"elementor-background-overlay\"><\/div>\n\t\t\t\t\t\t<div class=\"elementor-shape elementor-shape-bottom\" aria-hidden=\"true\" data-negative=\"true\">\n\t\t\t<svg xmlns=\"http:\/\/www.w3.org\/2000\/svg\" viewBox=\"0 0 1000 100\" preserveAspectRatio=\"none\">\n\t<path class=\"elementor-shape-fill\" d=\"M500,97C126.7,96.3,0.8,19.8,0,0v100l1000,0V1C1000,19.4,873.3,97.8,500,97z\"\/>\n<\/svg>\t\t<\/div>\n\t\t\t\t\t<div class=\"elementor-container elementor-column-gap-default\">\n\t\t\t\t\t<div class=\"elementor-column elementor-col-100 elementor-top-column elementor-element elementor-element-5d2c8fcd\" data-id=\"5d2c8fcd\" data-element_type=\"column\">\n\t\t\t<div class=\"elementor-widget-wrap elementor-element-populated\">\n\t\t\t\t\t\t<div class=\"elementor-element elementor-element-15ae109e elementor-widget elementor-widget-spacer\" data-id=\"15ae109e\" data-element_type=\"widget\" data-widget_type=\"spacer.default\">\n\t\t\t\t<div class=\"elementor-widget-container\">\n\t\t\t\t\t\t\t<div class=\"elementor-spacer\">\n\t\t\t<div class=\"elementor-spacer-inner\"><\/div>\n\t\t<\/div>\n\t\t\t\t\t\t<\/div>\n\t\t\t\t<\/div>\n\t\t\t\t<section class=\"elementor-section elementor-inner-section elementor-element elementor-element-5fad407d elementor-section-boxed elementor-section-height-default elementor-section-height-default\" data-id=\"5fad407d\" data-element_type=\"section\">\n\t\t\t\t\t\t<div class=\"elementor-container elementor-column-gap-default\">\n\t\t\t\t\t<div class=\"elementor-column elementor-col-50 elementor-inner-column elementor-element elementor-element-27808f4e\" data-id=\"27808f4e\" data-element_type=\"column\">\n\t\t\t<div class=\"elementor-widget-wrap elementor-element-populated\">\n\t\t\t\t\t\t<div class=\"elementor-element elementor-element-a1ea82 elementor-widget elementor-widget-heading\" data-id=\"a1ea82\" data-element_type=\"widget\" data-widget_type=\"heading.default\">\n\t\t\t\t<div class=\"elementor-widget-container\">\n\t\t\t\t\t<h1 class=\"elementor-heading-title elementor-size-default\">PLANOS PME<\/h1>\t\t\t\t<\/div>\n\t\t\t\t<\/div>\n\t\t\t\t\t<\/div>\n\t\t<\/div>\n\t\t\t\t<div class=\"elementor-column elementor-col-50 elementor-inner-column elementor-element elementor-element-42463af8 elementor-invisible\" data-id=\"42463af8\" data-element_type=\"column\" data-settings=\"{&quot;animation&quot;:&quot;fadeIn&quot;}\">\n\t\t\t<div class=\"elementor-widget-wrap elementor-element-populated\">\n\t\t\t\t\t\t<div class=\"elementor-element elementor-element-73c893f elementor-widget elementor-widget-image\" data-id=\"73c893f\" data-element_type=\"widget\" data-widget_type=\"image.default\">\n\t\t\t\t<div class=\"elementor-widget-container\">\n\t\t\t\t\t\t\t\t\t\t\t\t\t\t\t<img fetchpriority=\"high\" decoding=\"async\" width=\"540\" height=\"460\" src=\"https:\/\/myabcm.com\/wp-content\/uploads\/Group-4384.png\" class=\"attachment-large size-large wp-image-21489\" alt=\"\" srcset=\"https:\/\/myabcm.com\/wp-content\/uploads\/Group-4384.png 540w, https:\/\/myabcm.com\/wp-content\/uploads\/Group-4384-300x256.png 300w, https:\/\/myabcm.com\/wp-content\/uploads\/Group-4384-150x128.png 150w\" sizes=\"(max-width: 540px) 100vw, 540px\" \/>\t\t\t\t\t\t\t\t\t\t\t\t\t\t\t<\/div>\n\t\t\t\t<\/div>\n\t\t\t\t\t<\/div>\n\t\t<\/div>\n\t\t\t\t\t<\/div>\n\t\t<\/section>\n\t\t\t\t\t<\/div>\n\t\t<\/div>\n\t\t\t\t\t<\/div>\n\t\t<\/section>\n\t\t\t\t<section class=\"elementor-section elementor-top-section elementor-element elementor-element-f37494c elementor-section-boxed elementor-section-height-default elementor-section-height-default\" data-id=\"f37494c\" data-element_type=\"section\">\n\t\t\t\t\t\t<div class=\"elementor-container elementor-column-gap-default\">\n\t\t\t\t\t<div class=\"elementor-column elementor-col-100 elementor-top-column elementor-element elementor-element-37ae293\" data-id=\"37ae293\" data-element_type=\"column\">\n\t\t\t<div class=\"elementor-widget-wrap elementor-element-populated\">\n\t\t\t\t\n    <style>#elementor-panel-category-pro-elements, #elementor-panel-category-woocommerce-elements, #elementor-panel-category-theme-elements, #elementor-panel-get-pro-elements, .elementor-nerd-box{display: none !important;}<\/style>\n    \t\t<div class=\"elementor-element elementor-element-bf2888f elementor-widget elementor-widget-text-editor\" data-id=\"bf2888f\" data-element_type=\"widget\" data-widget_type=\"text-editor.default\">\n\t\t\t\t<div class=\"elementor-widget-container\">\n\t\t\t\t\t\t\t\t\t<h1>Bem-vindo \u00e0 MyABCM<\/h1><h4>Voc\u00ea receber\u00e1 as informa\u00e7\u00f5es sobre seu pagamento em seu e-mail cadastrado bem como nosso contato para Suporte T\u00e9cnico e acesso \u00e0 \u00e1rea de downloads para baixar nosso produto e documenta\u00e7\u00e3o.<\/h4>\t\t\t\t\t\t\t\t<\/div>\n\t\t\t\t<\/div>\n\t\t\t\t\t<\/div>\n\t\t<\/div>\n\t\t\t\t\t<\/div>\n\t\t<\/section>\n\t\t\t\t<section class=\"elementor-section elementor-top-section elementor-element elementor-element-88392b6 elementor-section-boxed elementor-section-height-default elementor-section-height-default\" data-id=\"88392b6\" data-element_type=\"section\">\n\t\t\t\t\t\t<div class=\"elementor-container elementor-column-gap-default\">\n\t\t\t\t\t<div class=\"elementor-column elementor-col-100 elementor-top-column elementor-element elementor-element-b18184d\" data-id=\"b18184d\" data-element_type=\"column\">\n\t\t\t<div class=\"elementor-widget-wrap elementor-element-populated\">\n\t\t\t\t\t\t<div class=\"elementor-element elementor-element-c7ac23f elementor-widget elementor-widget-html\" data-id=\"c7ac23f\" data-element_type=\"widget\" data-widget_type=\"html.default\">\n\t\t\t\t<div class=\"elementor-widget-container\">\n\t\t\t\t\t<script>\nsetTimeout(function(){\nwindow.location.href = \"https:\/\/www.myabcm.com\"}, 10000)\n    \n<\/script>\t\t\t\t<\/div>\n\t\t\t\t<\/div>\n\t\t\t\t\t<\/div>\n\t\t<\/div>\n\t\t\t\t\t<\/div>\n\t\t<\/section>\n\t\t\t\t<\/div>\n\t\t","protected":false},"excerpt":{"rendered":"<p>PLANOS PME Bem-vindo \u00e0 MyABCM Voc\u00ea receber\u00e1 as informa\u00e7\u00f5es sobre seu pagamento em seu e-mail cadastrado bem como nosso contato para Suporte T\u00e9cnico e acesso \u00e0 \u00e1rea de downloads para baixar nosso produto e documenta\u00e7\u00e3o.<\/p>\n","protected":false},"author":8,"featured_media":0,"parent":0,"menu_order":0,"comment_status":"closed","ping_status":"closed","template":"","meta":{"_acf_changed":false,"content-type":"","footnotes":""},"class_list":["post-28374","page","type-page","status-publish","hentry"],"acf":[],"yoast_head":"<!-- This site is optimized with the Yoast SEO plugin v26.5 - https:\/\/yoast.com\/wordpress\/plugins\/seo\/ -->\n<title>Plano PME - MyABCM<\/title>\n<meta name=\"robots\" content=\"index, follow, max-snippet:-1, max-image-preview:large, max-video-preview:-1\" \/>\n<link rel=\"canonical\" href=\"https:\/\/myabcm.com\/pt-br\/plano-pme\/\" \/>\n<meta property=\"og:locale\" content=\"pt_BR\" \/>\n<meta property=\"og:type\" content=\"article\" \/>\n<meta property=\"og:title\" content=\"Plano PME - MyABCM\" \/>\n<meta property=\"og:description\" content=\"PLANOS PME Bem-vindo \u00e0 MyABCM Voc\u00ea receber\u00e1 as informa\u00e7\u00f5es sobre seu pagamento em seu e-mail cadastrado bem como nosso contato para Suporte T\u00e9cnico e acesso \u00e0 \u00e1rea de downloads para baixar nosso produto e documenta\u00e7\u00e3o.\" \/>\n<meta property=\"og:url\" content=\"https:\/\/myabcm.com\/pt-br\/plano-pme\/\" \/>\n<meta property=\"og:site_name\" content=\"MyABCM\" \/>\n<meta property=\"article:publisher\" content=\"https:\/\/www.facebook.com\/MyABCM\/\" \/>\n<meta property=\"article:modified_time\" content=\"2021-10-22T14:00:19+00:00\" \/>\n<meta property=\"og:image\" content=\"https:\/\/myabcm.com\/wp-content\/uploads\/Group-4384.png\" \/>\n<meta name=\"twitter:card\" content=\"summary_large_image\" \/>\n<meta name=\"twitter:site\" content=\"@myabcm\" \/>\n<meta name=\"twitter:label1\" content=\"Est. tempo de leitura\" \/>\n\t<meta name=\"twitter:data1\" content=\"1 minuto\" \/>\n<script type=\"application\/ld+json\" class=\"yoast-schema-graph\">{\"@context\":\"https:\/\/schema.org\",\"@graph\":[{\"@type\":\"WebPage\",\"@id\":\"https:\/\/myabcm.com\/pt-br\/plano-pme\/\",\"url\":\"https:\/\/myabcm.com\/pt-br\/plano-pme\/\",\"name\":\"Plano PME - MyABCM\",\"isPartOf\":{\"@id\":\"https:\/\/myabcm.com\/pt-br\/#website\"},\"primaryImageOfPage\":{\"@id\":\"https:\/\/myabcm.com\/pt-br\/plano-pme\/#primaryimage\"},\"image\":{\"@id\":\"https:\/\/myabcm.com\/pt-br\/plano-pme\/#primaryimage\"},\"thumbnailUrl\":\"https:\/\/myabcm.com\/wp-content\/uploads\/Group-4384.png\",\"datePublished\":\"2021-10-22T12:54:34+00:00\",\"dateModified\":\"2021-10-22T14:00:19+00:00\",\"inLanguage\":\"pt-BR\",\"potentialAction\":[{\"@type\":\"ReadAction\",\"target\":[\"https:\/\/myabcm.com\/pt-br\/plano-pme\/\"]}]},{\"@type\":\"ImageObject\",\"inLanguage\":\"pt-BR\",\"@id\":\"https:\/\/myabcm.com\/pt-br\/plano-pme\/#primaryimage\",\"url\":\"https:\/\/myabcm.com\/wp-content\/uploads\/Group-4384.png\",\"contentUrl\":\"https:\/\/myabcm.com\/wp-content\/uploads\/Group-4384.png\"},{\"@type\":\"WebSite\",\"@id\":\"https:\/\/myabcm.com\/pt-br\/#website\",\"url\":\"https:\/\/myabcm.com\/pt-br\/\",\"name\":\"MyABCM\",\"description\":\"\",\"potentialAction\":[{\"@type\":\"SearchAction\",\"target\":{\"@type\":\"EntryPoint\",\"urlTemplate\":\"https:\/\/myabcm.com\/pt-br\/?s={search_term_string}\"},\"query-input\":{\"@type\":\"PropertyValueSpecification\",\"valueRequired\":true,\"valueName\":\"search_term_string\"}}],\"inLanguage\":\"pt-BR\"}]}<\/script>\n<!-- \/ Yoast SEO plugin. -->","yoast_head_json":{"title":"Plano PME - MyABCM","robots":{"index":"index","follow":"follow","max-snippet":"max-snippet:-1","max-image-preview":"max-image-preview:large","max-video-preview":"max-video-preview:-1"},"canonical":"https:\/\/myabcm.com\/pt-br\/plano-pme\/","og_locale":"pt_BR","og_type":"article","og_title":"Plano PME - MyABCM","og_description":"PLANOS PME Bem-vindo \u00e0 MyABCM Voc\u00ea receber\u00e1 as informa\u00e7\u00f5es sobre seu pagamento em seu e-mail cadastrado bem como nosso contato para Suporte T\u00e9cnico e acesso \u00e0 \u00e1rea de downloads para baixar nosso produto e documenta\u00e7\u00e3o.","og_url":"https:\/\/myabcm.com\/pt-br\/plano-pme\/","og_site_name":"MyABCM","article_publisher":"https:\/\/www.facebook.com\/MyABCM\/","article_modified_time":"2021-10-22T14:00:19+00:00","og_image":[{"url":"https:\/\/myabcm.com\/wp-content\/uploads\/Group-4384.png","type":"","width":"","height":""}],"twitter_card":"summary_large_image","twitter_site":"@myabcm","twitter_misc":{"Est. tempo de leitura":"1 minuto"},"schema":{"@context":"https:\/\/schema.org","@graph":[{"@type":"WebPage","@id":"https:\/\/myabcm.com\/pt-br\/plano-pme\/","url":"https:\/\/myabcm.com\/pt-br\/plano-pme\/","name":"Plano PME - MyABCM","isPartOf":{"@id":"https:\/\/myabcm.com\/pt-br\/#website"},"primaryImageOfPage":{"@id":"https:\/\/myabcm.com\/pt-br\/plano-pme\/#primaryimage"},"image":{"@id":"https:\/\/myabcm.com\/pt-br\/plano-pme\/#primaryimage"},"thumbnailUrl":"https:\/\/myabcm.com\/wp-content\/uploads\/Group-4384.png","datePublished":"2021-10-22T12:54:34+00:00","dateModified":"2021-10-22T14:00:19+00:00","inLanguage":"pt-BR","potentialAction":[{"@type":"ReadAction","target":["https:\/\/myabcm.com\/pt-br\/plano-pme\/"]}]},{"@type":"ImageObject","inLanguage":"pt-BR","@id":"https:\/\/myabcm.com\/pt-br\/plano-pme\/#primaryimage","url":"https:\/\/myabcm.com\/wp-content\/uploads\/Group-4384.png","contentUrl":"https:\/\/myabcm.com\/wp-content\/uploads\/Group-4384.png"},{"@type":"WebSite","@id":"https:\/\/myabcm.com\/pt-br\/#website","url":"https:\/\/myabcm.com\/pt-br\/","name":"MyABCM","description":"","potentialAction":[{"@type":"SearchAction","target":{"@type":"EntryPoint","urlTemplate":"https:\/\/myabcm.com\/pt-br\/?s={search_term_string}"},"query-input":{"@type":"PropertyValueSpecification","valueRequired":true,"valueName":"search_term_string"}}],"inLanguage":"pt-BR"}]}},"_links":{"self":[{"href":"https:\/\/myabcm.com\/pt-br\/wp-json\/wp\/v2\/pages\/28374","targetHints":{"allow":["GET"]}}],"collection":[{"href":"https:\/\/myabcm.com\/pt-br\/wp-json\/wp\/v2\/pages"}],"about":[{"href":"https:\/\/myabcm.com\/pt-br\/wp-json\/wp\/v2\/types\/page"}],"author":[{"embeddable":true,"href":"https:\/\/myabcm.com\/pt-br\/wp-json\/wp\/v2\/users\/8"}],"replies":[{"embeddable":true,"href":"https:\/\/myabcm.com\/pt-br\/wp-json\/wp\/v2\/comments?post=28374"}],"version-history":[{"count":0,"href":"https:\/\/myabcm.com\/pt-br\/wp-json\/wp\/v2\/pages\/28374\/revisions"}],"wp:attachment":[{"href":"https:\/\/myabcm.com\/pt-br\/wp-json\/wp\/v2\/media?parent=28374"}],"curies":[{"name":"wp","href":"https:\/\/api.w.org\/{rel}","templated":true}]}}