{"id":37003,"date":"2024-11-26T22:33:43","date_gmt":"2024-11-27T01:33:43","guid":{"rendered":"https:\/\/myabcm.com\/?page_id=37003"},"modified":"2024-11-26T23:01:40","modified_gmt":"2024-11-27T02:01:40","slug":"cases","status":"publish","type":"page","link":"https:\/\/myabcm.com\/pt-br\/cases\/","title":{"rendered":"Casos de Sucesso"},"content":{"rendered":"\t\t<div data-elementor-type=\"wp-page\" data-elementor-id=\"37003\" class=\"elementor elementor-37003\">\n\t\t\t\t\t\t<section class=\"elementor-section elementor-top-section elementor-element elementor-element-2288e93 elementor-section-height-min-height elementor-section-boxed elementor-section-height-default elementor-section-items-middle\" data-id=\"2288e93\" data-element_type=\"section\" data-settings=\"{&quot;background_background&quot;:&quot;classic&quot;,&quot;shape_divider_bottom&quot;:&quot;curve&quot;,&quot;shape_divider_bottom_negative&quot;:&quot;yes&quot;}\">\n\t\t\t\t\t\t\t<div class=\"elementor-background-overlay\"><\/div>\n\t\t\t\t\t\t<div class=\"elementor-shape elementor-shape-bottom\" aria-hidden=\"true\" data-negative=\"true\">\n\t\t\t<svg xmlns=\"http:\/\/www.w3.org\/2000\/svg\" viewBox=\"0 0 1000 100\" preserveAspectRatio=\"none\">\n\t<path class=\"elementor-shape-fill\" d=\"M500,97C126.7,96.3,0.8,19.8,0,0v100l1000,0V1C1000,19.4,873.3,97.8,500,97z\"\/>\n<\/svg>\t\t<\/div>\n\t\t\t\t\t<div class=\"elementor-container elementor-column-gap-default\">\n\t\t\t\t\t<div class=\"elementor-column elementor-col-100 elementor-top-column elementor-element elementor-element-969dc54\" data-id=\"969dc54\" data-element_type=\"column\">\n\t\t\t<div class=\"elementor-widget-wrap elementor-element-populated\">\n\t\t\t\t\t\t<div class=\"elementor-element elementor-element-dc3a8a0 elementor-widget elementor-widget-spacer\" data-id=\"dc3a8a0\" data-element_type=\"widget\" data-widget_type=\"spacer.default\">\n\t\t\t\t<div class=\"elementor-widget-container\">\n\t\t\t\t\t\t\t<div class=\"elementor-spacer\">\n\t\t\t<div class=\"elementor-spacer-inner\"><\/div>\n\t\t<\/div>\n\t\t\t\t\t\t<\/div>\n\t\t\t\t<\/div>\n\t\t\t\t<section class=\"elementor-section elementor-inner-section elementor-element elementor-element-e2d52ec elementor-section-boxed elementor-section-height-default elementor-section-height-default\" data-id=\"e2d52ec\" data-element_type=\"section\">\n\t\t\t\t\t\t<div class=\"elementor-container elementor-column-gap-default\">\n\t\t\t\t\t<div class=\"elementor-column elementor-col-100 elementor-inner-column elementor-element elementor-element-258431c\" data-id=\"258431c\" data-element_type=\"column\">\n\t\t\t<div class=\"elementor-widget-wrap elementor-element-populated\">\n\t\t\t\t\t\t<div class=\"elementor-element elementor-element-a62a3d3 elementor-widget elementor-widget-heading\" data-id=\"a62a3d3\" data-element_type=\"widget\" data-widget_type=\"heading.default\">\n\t\t\t\t<div class=\"elementor-widget-container\">\n\t\t\t\t\t<h2 class=\"elementor-heading-title elementor-size-default\">Casos de Sucesso<\/h2>\t\t\t\t<\/div>\n\t\t\t\t<\/div>\n\t\t\t\t\t<\/div>\n\t\t<\/div>\n\t\t\t\t\t<\/div>\n\t\t<\/section>\n\t\t\t\t\t<\/div>\n\t\t<\/div>\n\t\t\t\t\t<\/div>\n\t\t<\/section>\n\t\t\t\t<section class=\"elementor-section elementor-top-section elementor-element elementor-element-d721d3f elementor-section-boxed elementor-section-height-default elementor-section-height-default\" data-id=\"d721d3f\" data-element_type=\"section\">\n\t\t\t\t\t\t<div class=\"elementor-container elementor-column-gap-default\">\n\t\t\t\t\t<div class=\"elementor-column elementor-col-100 elementor-top-column elementor-element elementor-element-170ddd9\" data-id=\"170ddd9\" data-element_type=\"column\">\n\t\t\t<div class=\"elementor-widget-wrap elementor-element-populated\">\n\t\t\t\t\t\t<div class=\"elementor-element elementor-element-6ef92e7 elementor-widget elementor-widget-heading\" data-id=\"6ef92e7\" data-element_type=\"widget\" data-widget_type=\"heading.default\">\n\t\t\t\t<div class=\"elementor-widget-container\">\n\t\t\t\t\t<h3 class=\"elementor-heading-title elementor-size-default\">Descubra como empresas de diferentes setores transformaram suas<br \/>\nGest\u00f5es de Custos e impulsionaram a Rentabilidade com o MyABCM.<\/h3>\t\t\t\t<\/div>\n\t\t\t\t<\/div>\n\t\t\t\t\t<\/div>\n\t\t<\/div>\n\t\t\t\t\t<\/div>\n\t\t<\/section>\n\t\t\t\t<section class=\"elementor-section elementor-top-section elementor-element elementor-element-a91d051 elementor-section-boxed elementor-section-height-default elementor-section-height-default\" data-id=\"a91d051\" data-element_type=\"section\">\n\t\t\t\t\t\t<div class=\"elementor-container elementor-column-gap-default\">\n\t\t\t\t\t<div class=\"elementor-column elementor-col-100 elementor-top-column elementor-element elementor-element-c061443\" data-id=\"c061443\" data-element_type=\"column\">\n\t\t\t<div class=\"elementor-widget-wrap elementor-element-populated\">\n\t\t\t\t\n    <style>#elementor-panel-category-pro-elements, #elementor-panel-category-woocommerce-elements, #elementor-panel-category-theme-elements, #elementor-panel-get-pro-elements, .elementor-nerd-box{display: none !important;}<\/style>\n    \t\t<div class=\"elementor-element elementor-element-b11295c elementor-widget elementor-widget-loop-cases\" data-id=\"b11295c\" data-element_type=\"widget\" data-widget_type=\"loop-cases.default\">\n\t\t\t\t<div class=\"elementor-widget-container\">\n\t\t\t\t\t            <div class=\"container-fluid\">\r\n                <div class=\"row\">\r\n                    <div class=\"col-12 col-sm-4 col-md-2 mt-3 mb-3 coluna-cat\">\r\n                        <div>\r\n                            <h2 class=\"cat-name-listpost\">Setor de Atua\u00e7\u00e3o<\/h2>\r\n                            <div class=\"box-cat-post\">\r\n                                <a class=\"anchor\" href=\"#servicosfinanceiros\">Servi\u00e7os Financeiros<\/a>\r\n                                <a class=\"anchor\" href=\"#bancos\">Bancos<\/a>\r\n                                <a class=\"anchor\" href=\"#educacao\">Educa\u00e7\u00e3o<\/a>\r\n                                <a class=\"anchor\" href=\"#it\">TI<\/a>\r\n                                <a class=\"anchor\" href=\"#logistica\">Log\u00edstica<\/a>\r\n                                <a class=\"anchor\" href=\"#manufatura\">Manufatura<\/a>\r\n                                <a class=\"anchor\" href=\"#seguros\">Seguros<\/a>\r\n                                <a class=\"anchor\" href=\"#servicos\">Servi\u00e7os em Geral<\/a>\r\n                                <a class=\"anchor\" href=\"#publico\">Setor P\u00fablico<\/a>\r\n                                <a class=\"anchor\" href=\"#telecom\">Telecom<\/a>\r\n                            <\/div>\r\n                            <div class=\"box-cat-select\">\r\n                                <select name=\"categoria\" id=\"select-categoria\">\r\n                                    <option value=\"servicosfinanceiros\">Servi\u00e7os Financeiros<\/option>\r\n                                    <option value=\"bancos\">Bancos<\/option>\r\n                                    <option value=\"educacao\">Educa\u00e7\u00e3o<\/option>\r\n                                    <option value=\"it\">TI<\/option>\r\n                                    <option value=\"logistica\">Log\u00edstica<\/option>\r\n                                    <option value=\"manufatura\">Manufatura<\/option>\r\n                                    <option value=\"seguros\">Seguros<\/option>\r\n                                    <option value=\"servicos\">Servi\u00e7os em Geral<\/option>\r\n                                    <option value=\"publico\">Setor P\u00fablico<\/option>\r\n                                    <option value=\"telecom\">Telecom<\/option>\r\n                                <\/select>\r\n                            <\/div>\r\n                        <\/div>\r\n                    <\/div>\r\n                    <div class=\"col-12 col-sm-8 col-md-10 order-0 order-sm-1 mt-3 pl-4\">\r\n                        <div class=\"content-cases-ajax\" id=\"content-cases-ajax\"><\/div>\r\n                        <!-- <div class=\"control-eventos mt-3 mb-3\">\r\n                            <span class=\"bnt-left-posts\"><img decoding=\"async\" src=\"https:\/\/myabcm.com\/wp-content\/themes\/myabcm\/img\/left-loop.png\" width=\"25\" alt=\"left\"><\/span>\r\n                            <span class=\"input-number-posts\">0<\/span>\r\n                            <span class=\"bnt-right-posts\"><img decoding=\"async\" src=\"https:\/\/myabcm.com\/wp-content\/themes\/myabcm\/img\/right-loop.png\" width=\"25\" alt=\"right\"><\/span>\r\n                        <\/div> -->\r\n                    <\/div>\r\n                <\/div>\r\n            <\/div>\r\n        \t\t\t\t<\/div>\n\t\t\t\t<\/div>\n\t\t\t\t\t<\/div>\n\t\t<\/div>\n\t\t\t\t\t<\/div>\n\t\t<\/section>\n\t\t\t\t<\/div>\n\t\t","protected":false},"excerpt":{"rendered":"<p>Casos de Sucesso Descubra como empresas de diferentes setores transformaram suas Gest\u00f5es de Custos e impulsionaram a Rentabilidade com o MyABCM. Categories Finance Industry Banks Education IT Logistics Manufacturing Insurance Services Public Sector Telecom Finance IndustryBanksEducationITLogisticsManufacturingInsuranceServicesPublic SectorTelecom<\/p>\n","protected":false},"author":15,"featured_media":25059,"parent":0,"menu_order":0,"comment_status":"closed","ping_status":"closed","template":"","meta":{"_acf_changed":false,"content-type":"","footnotes":""},"class_list":["post-37003","page","type-page","status-publish","has-post-thumbnail","hentry"],"acf":[],"yoast_head":"<!-- This site is optimized with the Yoast SEO plugin v26.5 - https:\/\/yoast.com\/wordpress\/plugins\/seo\/ -->\n<title>Casos de Sucesso - MyABCM<\/title>\n<meta name=\"description\" content=\"A MyABCM oferece solu\u00e7\u00f5es financeiras sob medida para controle e redu\u00e7\u00e3o de gastos, an\u00e1lise de rentabilidade e melhoria de desempenho da sua empresa.\" \/>\n<meta name=\"robots\" content=\"index, follow, max-snippet:-1, max-image-preview:large, max-video-preview:-1\" \/>\n<link rel=\"canonical\" href=\"https:\/\/myabcm.com\/pt-br\/cases\/\" \/>\n<meta property=\"og:locale\" content=\"pt_BR\" \/>\n<meta property=\"og:type\" content=\"article\" \/>\n<meta property=\"og:title\" content=\"Casos de Sucesso - MyABCM\" \/>\n<meta property=\"og:description\" content=\"A MyABCM oferece solu\u00e7\u00f5es financeiras sob medida para controle e redu\u00e7\u00e3o de gastos, an\u00e1lise de rentabilidade e melhoria de desempenho da sua empresa.\" \/>\n<meta property=\"og:url\" content=\"https:\/\/myabcm.com\/pt-br\/cases\/\" \/>\n<meta property=\"og:site_name\" content=\"MyABCM\" \/>\n<meta property=\"article:publisher\" content=\"https:\/\/www.facebook.com\/MyABCM\/\" \/>\n<meta property=\"article:modified_time\" content=\"2024-11-27T02:01:40+00:00\" \/>\n<meta property=\"og:image\" content=\"https:\/\/myabcm.com\/wp-content\/uploads\/logo-myabcm.png\" \/>\n\t<meta property=\"og:image:width\" content=\"200\" \/>\n\t<meta property=\"og:image:height\" content=\"200\" \/>\n\t<meta property=\"og:image:type\" content=\"image\/png\" \/>\n<meta name=\"twitter:card\" content=\"summary_large_image\" \/>\n<meta name=\"twitter:site\" content=\"@myabcm\" \/>\n<meta name=\"twitter:label1\" content=\"Est. tempo de leitura\" \/>\n\t<meta name=\"twitter:data1\" content=\"1 minuto\" \/>\n<script type=\"application\/ld+json\" class=\"yoast-schema-graph\">{\"@context\":\"https:\/\/schema.org\",\"@graph\":[{\"@type\":\"WebPage\",\"@id\":\"https:\/\/myabcm.com\/pt-br\/cases\/\",\"url\":\"https:\/\/myabcm.com\/pt-br\/cases\/\",\"name\":\"Casos de Sucesso - MyABCM\",\"isPartOf\":{\"@id\":\"https:\/\/myabcm.com\/pt-br\/#website\"},\"primaryImageOfPage\":{\"@id\":\"https:\/\/myabcm.com\/pt-br\/cases\/#primaryimage\"},\"image\":{\"@id\":\"https:\/\/myabcm.com\/pt-br\/cases\/#primaryimage\"},\"thumbnailUrl\":\"https:\/\/myabcm.com\/wp-content\/uploads\/logo-myabcm.png\",\"datePublished\":\"2024-11-27T01:33:43+00:00\",\"dateModified\":\"2024-11-27T02:01:40+00:00\",\"description\":\"A MyABCM oferece solu\u00e7\u00f5es financeiras sob medida para controle e redu\u00e7\u00e3o de gastos, an\u00e1lise de rentabilidade e melhoria de desempenho da sua empresa.\",\"inLanguage\":\"pt-BR\",\"potentialAction\":[{\"@type\":\"ReadAction\",\"target\":[\"https:\/\/myabcm.com\/pt-br\/cases\/\"]}]},{\"@type\":\"ImageObject\",\"inLanguage\":\"pt-BR\",\"@id\":\"https:\/\/myabcm.com\/pt-br\/cases\/#primaryimage\",\"url\":\"https:\/\/myabcm.com\/wp-content\/uploads\/logo-myabcm.png\",\"contentUrl\":\"https:\/\/myabcm.com\/wp-content\/uploads\/logo-myabcm.png\",\"width\":200,\"height\":200},{\"@type\":\"WebSite\",\"@id\":\"https:\/\/myabcm.com\/pt-br\/#website\",\"url\":\"https:\/\/myabcm.com\/pt-br\/\",\"name\":\"MyABCM\",\"description\":\"\",\"potentialAction\":[{\"@type\":\"SearchAction\",\"target\":{\"@type\":\"EntryPoint\",\"urlTemplate\":\"https:\/\/myabcm.com\/pt-br\/?s={search_term_string}\"},\"query-input\":{\"@type\":\"PropertyValueSpecification\",\"valueRequired\":true,\"valueName\":\"search_term_string\"}}],\"inLanguage\":\"pt-BR\"}]}<\/script>\n<!-- \/ Yoast SEO plugin. -->","yoast_head_json":{"title":"Casos de Sucesso - MyABCM","description":"A MyABCM oferece solu\u00e7\u00f5es financeiras sob medida para controle e redu\u00e7\u00e3o de gastos, an\u00e1lise de rentabilidade e melhoria de desempenho da sua empresa.","robots":{"index":"index","follow":"follow","max-snippet":"max-snippet:-1","max-image-preview":"max-image-preview:large","max-video-preview":"max-video-preview:-1"},"canonical":"https:\/\/myabcm.com\/pt-br\/cases\/","og_locale":"pt_BR","og_type":"article","og_title":"Casos de Sucesso - MyABCM","og_description":"A MyABCM oferece solu\u00e7\u00f5es financeiras sob medida para controle e redu\u00e7\u00e3o de gastos, an\u00e1lise de rentabilidade e melhoria de desempenho da sua empresa.","og_url":"https:\/\/myabcm.com\/pt-br\/cases\/","og_site_name":"MyABCM","article_publisher":"https:\/\/www.facebook.com\/MyABCM\/","article_modified_time":"2024-11-27T02:01:40+00:00","og_image":[{"width":200,"height":200,"url":"https:\/\/myabcm.com\/wp-content\/uploads\/logo-myabcm.png","type":"image\/png"}],"twitter_card":"summary_large_image","twitter_site":"@myabcm","twitter_misc":{"Est. tempo de leitura":"1 minuto"},"schema":{"@context":"https:\/\/schema.org","@graph":[{"@type":"WebPage","@id":"https:\/\/myabcm.com\/pt-br\/cases\/","url":"https:\/\/myabcm.com\/pt-br\/cases\/","name":"Casos de Sucesso - MyABCM","isPartOf":{"@id":"https:\/\/myabcm.com\/pt-br\/#website"},"primaryImageOfPage":{"@id":"https:\/\/myabcm.com\/pt-br\/cases\/#primaryimage"},"image":{"@id":"https:\/\/myabcm.com\/pt-br\/cases\/#primaryimage"},"thumbnailUrl":"https:\/\/myabcm.com\/wp-content\/uploads\/logo-myabcm.png","datePublished":"2024-11-27T01:33:43+00:00","dateModified":"2024-11-27T02:01:40+00:00","description":"A MyABCM oferece solu\u00e7\u00f5es financeiras sob medida para controle e redu\u00e7\u00e3o de gastos, an\u00e1lise de rentabilidade e melhoria de desempenho da sua empresa.","inLanguage":"pt-BR","potentialAction":[{"@type":"ReadAction","target":["https:\/\/myabcm.com\/pt-br\/cases\/"]}]},{"@type":"ImageObject","inLanguage":"pt-BR","@id":"https:\/\/myabcm.com\/pt-br\/cases\/#primaryimage","url":"https:\/\/myabcm.com\/wp-content\/uploads\/logo-myabcm.png","contentUrl":"https:\/\/myabcm.com\/wp-content\/uploads\/logo-myabcm.png","width":200,"height":200},{"@type":"WebSite","@id":"https:\/\/myabcm.com\/pt-br\/#website","url":"https:\/\/myabcm.com\/pt-br\/","name":"MyABCM","description":"","potentialAction":[{"@type":"SearchAction","target":{"@type":"EntryPoint","urlTemplate":"https:\/\/myabcm.com\/pt-br\/?s={search_term_string}"},"query-input":{"@type":"PropertyValueSpecification","valueRequired":true,"valueName":"search_term_string"}}],"inLanguage":"pt-BR"}]}},"_links":{"self":[{"href":"https:\/\/myabcm.com\/pt-br\/wp-json\/wp\/v2\/pages\/37003","targetHints":{"allow":["GET"]}}],"collection":[{"href":"https:\/\/myabcm.com\/pt-br\/wp-json\/wp\/v2\/pages"}],"about":[{"href":"https:\/\/myabcm.com\/pt-br\/wp-json\/wp\/v2\/types\/page"}],"author":[{"embeddable":true,"href":"https:\/\/myabcm.com\/pt-br\/wp-json\/wp\/v2\/users\/15"}],"replies":[{"embeddable":true,"href":"https:\/\/myabcm.com\/pt-br\/wp-json\/wp\/v2\/comments?post=37003"}],"version-history":[{"count":13,"href":"https:\/\/myabcm.com\/pt-br\/wp-json\/wp\/v2\/pages\/37003\/revisions"}],"predecessor-version":[{"id":37049,"href":"https:\/\/myabcm.com\/pt-br\/wp-json\/wp\/v2\/pages\/37003\/revisions\/37049"}],"wp:featuredmedia":[{"embeddable":true,"href":"https:\/\/myabcm.com\/pt-br\/wp-json\/wp\/v2\/media\/25059"}],"wp:attachment":[{"href":"https:\/\/myabcm.com\/pt-br\/wp-json\/wp\/v2\/media?parent=37003"}],"curies":[{"name":"wp","href":"https:\/\/api.w.org\/{rel}","templated":true}]}}