{"id":420,"date":"2021-07-19T09:45:24","date_gmt":"2021-07-19T12:45:24","guid":{"rendered":"https:\/\/myabcm.agenciaarc.com.br\/?page_id=420"},"modified":"2021-08-27T20:37:26","modified_gmt":"2021-08-27T23:37:26","slug":"blog-myabcm","status":"publish","type":"page","link":"https:\/\/myabcm.com\/pt-br\/blog-myabcm\/","title":{"rendered":"Blog"},"content":{"rendered":"\t\t<div data-elementor-type=\"wp-page\" data-elementor-id=\"420\" class=\"elementor elementor-420\">\n\t\t\t\t\t\t<section class=\"elementor-section elementor-top-section elementor-element elementor-element-a6652b1 elementor-section-height-min-height elementor-section-boxed elementor-section-height-default elementor-section-items-middle\" data-id=\"a6652b1\" data-element_type=\"section\" data-settings=\"{&quot;background_background&quot;:&quot;classic&quot;,&quot;shape_divider_bottom&quot;:&quot;curve&quot;,&quot;shape_divider_bottom_negative&quot;:&quot;yes&quot;}\">\n\t\t\t\t\t\t\t<div class=\"elementor-background-overlay\"><\/div>\n\t\t\t\t\t\t<div class=\"elementor-shape elementor-shape-bottom\" aria-hidden=\"true\" data-negative=\"true\">\n\t\t\t<svg xmlns=\"http:\/\/www.w3.org\/2000\/svg\" viewBox=\"0 0 1000 100\" preserveAspectRatio=\"none\">\n\t<path class=\"elementor-shape-fill\" d=\"M500,97C126.7,96.3,0.8,19.8,0,0v100l1000,0V1C1000,19.4,873.3,97.8,500,97z\"\/>\n<\/svg>\t\t<\/div>\n\t\t\t\t\t<div class=\"elementor-container elementor-column-gap-default\">\n\t\t\t\t\t<div class=\"elementor-column elementor-col-100 elementor-top-column elementor-element elementor-element-761dd8b\" data-id=\"761dd8b\" data-element_type=\"column\">\n\t\t\t<div class=\"elementor-widget-wrap elementor-element-populated\">\n\t\t\t\t\t\t<div class=\"elementor-element elementor-element-3046d5c elementor-widget elementor-widget-spacer\" data-id=\"3046d5c\" data-element_type=\"widget\" data-widget_type=\"spacer.default\">\n\t\t\t\t<div class=\"elementor-widget-container\">\n\t\t\t\t\t\t\t<div class=\"elementor-spacer\">\n\t\t\t<div class=\"elementor-spacer-inner\"><\/div>\n\t\t<\/div>\n\t\t\t\t\t\t<\/div>\n\t\t\t\t<\/div>\n\t\t\t\t<section class=\"elementor-section elementor-inner-section elementor-element elementor-element-7b79c67 elementor-section-boxed elementor-section-height-default elementor-section-height-default\" data-id=\"7b79c67\" data-element_type=\"section\">\n\t\t\t\t\t\t<div class=\"elementor-container elementor-column-gap-default\">\n\t\t\t\t\t<div class=\"elementor-column elementor-col-50 elementor-inner-column elementor-element elementor-element-6e76e64\" data-id=\"6e76e64\" data-element_type=\"column\">\n\t\t\t<div class=\"elementor-widget-wrap elementor-element-populated\">\n\t\t\t\t\t\t<div class=\"elementor-element elementor-element-90f8650 elementor-widget elementor-widget-heading\" data-id=\"90f8650\" data-element_type=\"widget\" data-widget_type=\"heading.default\">\n\t\t\t\t<div class=\"elementor-widget-container\">\n\t\t\t\t\t<h2 class=\"elementor-heading-title elementor-size-default\">BLOG<\/h2>\t\t\t\t<\/div>\n\t\t\t\t<\/div>\n\t\t\t\t\t<\/div>\n\t\t<\/div>\n\t\t\t\t<div class=\"elementor-column elementor-col-50 elementor-inner-column elementor-element elementor-element-13e7a7d elementor-invisible\" data-id=\"13e7a7d\" data-element_type=\"column\" data-settings=\"{&quot;animation&quot;:&quot;fadeIn&quot;}\">\n\t\t\t<div class=\"elementor-widget-wrap elementor-element-populated\">\n\t\t\t\t\t\t<div class=\"elementor-element elementor-element-3cd2f57 elementor-widget elementor-widget-image\" data-id=\"3cd2f57\" data-element_type=\"widget\" data-widget_type=\"image.default\">\n\t\t\t\t<div class=\"elementor-widget-container\">\n\t\t\t\t\t\t\t\t\t\t\t\t\t\t\t<img fetchpriority=\"high\" decoding=\"async\" width=\"634\" height=\"622\" src=\"https:\/\/myabcm.com\/wp-content\/uploads\/blog.png\" class=\"attachment-large size-large wp-image-19411\" alt=\"\" srcset=\"https:\/\/myabcm.com\/wp-content\/uploads\/blog.png 634w, https:\/\/myabcm.com\/wp-content\/uploads\/blog-300x294.png 300w, https:\/\/myabcm.com\/wp-content\/uploads\/blog-150x147.png 150w\" sizes=\"(max-width: 634px) 100vw, 634px\" \/>\t\t\t\t\t\t\t\t\t\t\t\t\t\t\t<\/div>\n\t\t\t\t<\/div>\n\t\t\t\t\t<\/div>\n\t\t<\/div>\n\t\t\t\t\t<\/div>\n\t\t<\/section>\n\t\t\t\t\t<\/div>\n\t\t<\/div>\n\t\t\t\t\t<\/div>\n\t\t<\/section>\n\t\t\t\t<section class=\"elementor-section elementor-top-section elementor-element elementor-element-090284b elementor-section-boxed elementor-section-height-default elementor-section-height-default\" data-id=\"090284b\" data-element_type=\"section\">\n\t\t\t\t\t\t<div class=\"elementor-container elementor-column-gap-default\">\n\t\t\t\t\t<div class=\"elementor-column elementor-col-100 elementor-top-column elementor-element elementor-element-3ecfb1b\" data-id=\"3ecfb1b\" data-element_type=\"column\">\n\t\t\t<div class=\"elementor-widget-wrap elementor-element-populated\">\n\t\t\t\t\n    <style>#elementor-panel-category-pro-elements, #elementor-panel-category-woocommerce-elements, #elementor-panel-category-theme-elements, #elementor-panel-get-pro-elements, .elementor-nerd-box{display: none !important;}<\/style>\n    \t\t<div class=\"elementor-element elementor-element-793e0d3 elementor-widget elementor-widget-loop-blog\" data-id=\"793e0d3\" data-element_type=\"widget\" data-widget_type=\"loop-blog.default\">\n\t\t\t\t<div class=\"elementor-widget-container\">\n\t\t\t\t\t            <div class=\"container-fluid\">\n                <div class=\"row\">\n                    <div class=\"col-sm-12 mt-3 mb-3 d-flex justify-content-center\">\n                        <input class=\"input-search-post\" type=\"text\" placeholder=\"Buscar\"><span class=\"btn-search-post\"><i class=\"fas fa-search\"><\/i><\/span>\n                    <\/div>\n                <\/div>\n                <div class=\"row\">\n                    <div class=\"col-12 col-sm-4 col-md-2 mt-3 mb-3 order-1 order-sm-0 coluna-cat\">\n                        <div>\n                            <h2 class=\"cat-name-listpost\">Categorias<\/h2>\n                            <div class=\"box-cat-post\">\n                                                            <div class=\"cat-post-list\">Clientes<\/div>\n                                                                <div class=\"cat-post-list\">Gest\u00e3o<\/div>\n                                                                <div class=\"cat-post-list\">Gest\u00e3o de Custo<\/div>\n                                                                <div class=\"cat-post-list\">MyABCM Insights<\/div>\n                                                                <div class=\"cat-post-list\">Outros<\/div>\n                                                                <div class=\"cat-post-list\">Processos<\/div>\n                                                                <div class=\"cat-post-list\">Redu\u00e7\u00e3o de Custos e Despesas<\/div>\n                                                                <div class=\"cat-post-list\">Rentabilidade e Lucratividade<\/div>\n                                                            <\/div>\n                        <\/div>\n                        <div class=\"box-more\">\n                            <h2 class=\"more-name-listpost\">MAIS RECENTES<\/h2>\n                                                                <div class=\"recentes-posts\">\n                                        <span class=\"data-news\">10<br>mar<\/span>\n                                        <span class=\"title-news\"><a href=\"https:\/\/myabcm.com\/pt-br\/alocacao-de-custos-rentabilidade\/\">Aloca\u00e7\u00e3o de custos e os erros que prejudicam a sua rentabilidade<\/a><\/span>\n                                    <\/div>\n                                                                        <div class=\"recentes-posts\">\n                                        <span class=\"data-news\">05<br>fev<\/span>\n                                        <span class=\"title-news\"><a href=\"https:\/\/myabcm.com\/pt-br\/simulacoes-de-custos-e-seus-impactos-em-processos\/\">Simula\u00e7\u00f5es de custos e seus impactos em processos<\/a><\/span>\n                                    <\/div>\n                                                                        <div class=\"recentes-posts\">\n                                        <span class=\"data-news\">31<br>jan<\/span>\n                                        <span class=\"title-news\"><a href=\"https:\/\/myabcm.com\/pt-br\/custeio-baseado-em-atividades-e-mais-simples-do-que-parece\/\">Custeio baseado em atividades \u00e9 mais simples do que parece<\/a><\/span>\n                                    <\/div>\n                                                            <\/div>\n                    <\/div>\n                    <div class=\"col-12 col-sm-8 col-md-10 order-0 order-sm-1 \">\n                        <div class=\"content-blog-ajax\" id=\"content-blog-ajax\"><\/div>\n                        <div class=\"control-eventos mt-3 mb-3\">\n                            <span class=\"bnt-left-posts\"><img decoding=\"async\" src=\"https:\/\/myabcm.com\/wp-content\/themes\/myabcm\/img\/left-loop.png\" width=\"25\" alt=\"left\"><\/span>\n                            <span class=\"input-number-posts\">0<\/span>\n                            <span class=\"bnt-right-posts\"><img decoding=\"async\" src=\"https:\/\/myabcm.com\/wp-content\/themes\/myabcm\/img\/right-loop.png\" width=\"25\" alt=\"right\"><\/span>\n                        <\/div>\n                    <\/div>\n                <\/div>\n            <\/div>\n        \t\t\t\t<\/div>\n\t\t\t\t<\/div>\n\t\t\t\t\t<\/div>\n\t\t<\/div>\n\t\t\t\t\t<\/div>\n\t\t<\/section>\n\t\t\t\t<\/div>\n\t\t","protected":false},"excerpt":{"rendered":"<p>BLOG Carregar mais conte\u00fados<\/p>\n","protected":false},"author":15,"featured_media":25059,"parent":0,"menu_order":0,"comment_status":"closed","ping_status":"closed","template":"","meta":{"_acf_changed":false,"content-type":"","footnotes":""},"class_list":["post-420","page","type-page","status-publish","has-post-thumbnail","hentry"],"acf":[],"yoast_head":"<!-- This site is optimized with the Yoast SEO plugin v26.5 - https:\/\/yoast.com\/wordpress\/plugins\/seo\/ -->\n<title>Blog - MyABCM<\/title>\n<meta name=\"description\" content=\"A MyABCM oferece solu\u00e7\u00f5es financeiras sob medida para controle e redu\u00e7\u00e3o de gastos, an\u00e1lise de rentabilidade e melhoria de desempenho da sua empresa.\" \/>\n<meta name=\"robots\" content=\"index, follow, max-snippet:-1, max-image-preview:large, max-video-preview:-1\" \/>\n<link rel=\"canonical\" href=\"https:\/\/myabcm.com\/pt-br\/blog-myabcm\/\" \/>\n<meta property=\"og:locale\" content=\"pt_BR\" \/>\n<meta property=\"og:type\" content=\"article\" \/>\n<meta property=\"og:title\" content=\"Blog - MyABCM\" \/>\n<meta property=\"og:description\" content=\"A MyABCM oferece solu\u00e7\u00f5es financeiras sob medida para controle e redu\u00e7\u00e3o de gastos, an\u00e1lise de rentabilidade e melhoria de desempenho da sua empresa.\" \/>\n<meta property=\"og:url\" content=\"https:\/\/myabcm.com\/pt-br\/blog-myabcm\/\" \/>\n<meta property=\"og:site_name\" content=\"MyABCM\" \/>\n<meta property=\"article:publisher\" content=\"https:\/\/www.facebook.com\/MyABCM\/\" \/>\n<meta property=\"article:modified_time\" content=\"2021-08-27T23:37:26+00:00\" \/>\n<meta property=\"og:image\" content=\"https:\/\/myabcm.com\/wp-content\/uploads\/logo-myabcm.png\" \/>\n\t<meta property=\"og:image:width\" content=\"200\" \/>\n\t<meta property=\"og:image:height\" content=\"200\" \/>\n\t<meta property=\"og:image:type\" content=\"image\/png\" \/>\n<meta name=\"twitter:card\" content=\"summary_large_image\" \/>\n<meta name=\"twitter:site\" content=\"@myabcm\" \/>\n<meta name=\"twitter:label1\" content=\"Est. tempo de leitura\" \/>\n\t<meta name=\"twitter:data1\" content=\"1 minuto\" \/>\n<script type=\"application\/ld+json\" class=\"yoast-schema-graph\">{\"@context\":\"https:\/\/schema.org\",\"@graph\":[{\"@type\":\"WebPage\",\"@id\":\"https:\/\/myabcm.com\/pt-br\/blog-myabcm\/\",\"url\":\"https:\/\/myabcm.com\/pt-br\/blog-myabcm\/\",\"name\":\"Blog - MyABCM\",\"isPartOf\":{\"@id\":\"https:\/\/myabcm.com\/pt-br\/#website\"},\"primaryImageOfPage\":{\"@id\":\"https:\/\/myabcm.com\/pt-br\/blog-myabcm\/#primaryimage\"},\"image\":{\"@id\":\"https:\/\/myabcm.com\/pt-br\/blog-myabcm\/#primaryimage\"},\"thumbnailUrl\":\"https:\/\/myabcm.com\/wp-content\/uploads\/logo-myabcm.png\",\"datePublished\":\"2021-07-19T12:45:24+00:00\",\"dateModified\":\"2021-08-27T23:37:26+00:00\",\"description\":\"A MyABCM oferece solu\u00e7\u00f5es financeiras sob medida para controle e redu\u00e7\u00e3o de gastos, an\u00e1lise de rentabilidade e melhoria de desempenho da sua empresa.\",\"inLanguage\":\"pt-BR\",\"potentialAction\":[{\"@type\":\"ReadAction\",\"target\":[\"https:\/\/myabcm.com\/pt-br\/blog-myabcm\/\"]}]},{\"@type\":\"ImageObject\",\"inLanguage\":\"pt-BR\",\"@id\":\"https:\/\/myabcm.com\/pt-br\/blog-myabcm\/#primaryimage\",\"url\":\"https:\/\/myabcm.com\/wp-content\/uploads\/logo-myabcm.png\",\"contentUrl\":\"https:\/\/myabcm.com\/wp-content\/uploads\/logo-myabcm.png\",\"width\":200,\"height\":200},{\"@type\":\"WebSite\",\"@id\":\"https:\/\/myabcm.com\/pt-br\/#website\",\"url\":\"https:\/\/myabcm.com\/pt-br\/\",\"name\":\"MyABCM\",\"description\":\"\",\"potentialAction\":[{\"@type\":\"SearchAction\",\"target\":{\"@type\":\"EntryPoint\",\"urlTemplate\":\"https:\/\/myabcm.com\/pt-br\/?s={search_term_string}\"},\"query-input\":{\"@type\":\"PropertyValueSpecification\",\"valueRequired\":true,\"valueName\":\"search_term_string\"}}],\"inLanguage\":\"pt-BR\"}]}<\/script>\n<!-- \/ Yoast SEO plugin. -->","yoast_head_json":{"title":"Blog - MyABCM","description":"A MyABCM oferece solu\u00e7\u00f5es financeiras sob medida para controle e redu\u00e7\u00e3o de gastos, an\u00e1lise de rentabilidade e melhoria de desempenho da sua empresa.","robots":{"index":"index","follow":"follow","max-snippet":"max-snippet:-1","max-image-preview":"max-image-preview:large","max-video-preview":"max-video-preview:-1"},"canonical":"https:\/\/myabcm.com\/pt-br\/blog-myabcm\/","og_locale":"pt_BR","og_type":"article","og_title":"Blog - MyABCM","og_description":"A MyABCM oferece solu\u00e7\u00f5es financeiras sob medida para controle e redu\u00e7\u00e3o de gastos, an\u00e1lise de rentabilidade e melhoria de desempenho da sua empresa.","og_url":"https:\/\/myabcm.com\/pt-br\/blog-myabcm\/","og_site_name":"MyABCM","article_publisher":"https:\/\/www.facebook.com\/MyABCM\/","article_modified_time":"2021-08-27T23:37:26+00:00","og_image":[{"width":200,"height":200,"url":"https:\/\/myabcm.com\/wp-content\/uploads\/logo-myabcm.png","type":"image\/png"}],"twitter_card":"summary_large_image","twitter_site":"@myabcm","twitter_misc":{"Est. tempo de leitura":"1 minuto"},"schema":{"@context":"https:\/\/schema.org","@graph":[{"@type":"WebPage","@id":"https:\/\/myabcm.com\/pt-br\/blog-myabcm\/","url":"https:\/\/myabcm.com\/pt-br\/blog-myabcm\/","name":"Blog - MyABCM","isPartOf":{"@id":"https:\/\/myabcm.com\/pt-br\/#website"},"primaryImageOfPage":{"@id":"https:\/\/myabcm.com\/pt-br\/blog-myabcm\/#primaryimage"},"image":{"@id":"https:\/\/myabcm.com\/pt-br\/blog-myabcm\/#primaryimage"},"thumbnailUrl":"https:\/\/myabcm.com\/wp-content\/uploads\/logo-myabcm.png","datePublished":"2021-07-19T12:45:24+00:00","dateModified":"2021-08-27T23:37:26+00:00","description":"A MyABCM oferece solu\u00e7\u00f5es financeiras sob medida para controle e redu\u00e7\u00e3o de gastos, an\u00e1lise de rentabilidade e melhoria de desempenho da sua empresa.","inLanguage":"pt-BR","potentialAction":[{"@type":"ReadAction","target":["https:\/\/myabcm.com\/pt-br\/blog-myabcm\/"]}]},{"@type":"ImageObject","inLanguage":"pt-BR","@id":"https:\/\/myabcm.com\/pt-br\/blog-myabcm\/#primaryimage","url":"https:\/\/myabcm.com\/wp-content\/uploads\/logo-myabcm.png","contentUrl":"https:\/\/myabcm.com\/wp-content\/uploads\/logo-myabcm.png","width":200,"height":200},{"@type":"WebSite","@id":"https:\/\/myabcm.com\/pt-br\/#website","url":"https:\/\/myabcm.com\/pt-br\/","name":"MyABCM","description":"","potentialAction":[{"@type":"SearchAction","target":{"@type":"EntryPoint","urlTemplate":"https:\/\/myabcm.com\/pt-br\/?s={search_term_string}"},"query-input":{"@type":"PropertyValueSpecification","valueRequired":true,"valueName":"search_term_string"}}],"inLanguage":"pt-BR"}]}},"_links":{"self":[{"href":"https:\/\/myabcm.com\/pt-br\/wp-json\/wp\/v2\/pages\/420","targetHints":{"allow":["GET"]}}],"collection":[{"href":"https:\/\/myabcm.com\/pt-br\/wp-json\/wp\/v2\/pages"}],"about":[{"href":"https:\/\/myabcm.com\/pt-br\/wp-json\/wp\/v2\/types\/page"}],"author":[{"embeddable":true,"href":"https:\/\/myabcm.com\/pt-br\/wp-json\/wp\/v2\/users\/15"}],"replies":[{"embeddable":true,"href":"https:\/\/myabcm.com\/pt-br\/wp-json\/wp\/v2\/comments?post=420"}],"version-history":[{"count":1,"href":"https:\/\/myabcm.com\/pt-br\/wp-json\/wp\/v2\/pages\/420\/revisions"}],"predecessor-version":[{"id":31318,"href":"https:\/\/myabcm.com\/pt-br\/wp-json\/wp\/v2\/pages\/420\/revisions\/31318"}],"wp:featuredmedia":[{"embeddable":true,"href":"https:\/\/myabcm.com\/pt-br\/wp-json\/wp\/v2\/media\/25059"}],"wp:attachment":[{"href":"https:\/\/myabcm.com\/pt-br\/wp-json\/wp\/v2\/media?parent=420"}],"curies":[{"name":"wp","href":"https:\/\/api.w.org\/{rel}","templated":true}]}}